{"id":269,"date":"2022-06-26T12:54:05","date_gmt":"2022-06-26T12:54:05","guid":{"rendered":"http:\/\/monatravelsusa.com\/?page_id=269"},"modified":"2022-08-06T21:11:12","modified_gmt":"2022-08-06T21:11:12","slug":"assicurazione-sanitaria","status":"publish","type":"page","link":"https:\/\/sognoamericano.org\/index.php\/assicurazione-sanitaria\/","title":{"rendered":"QUALE ASSICURAZIONE VIAGGIO SCEGLIERE ?"},"content":{"rendered":"<div class=\"gb-grid-wrapper gb-grid-wrapper-7a4b04c1\">\n<div class=\"gb-grid-column gb-grid-column-3d54e1f3\"><div class=\"gb-container gb-container-3d54e1f3\"><div class=\"gb-inside-container\">\n\n<div class=\"wp-block-media-text alignwide is-stacked-on-mobile\" style=\"grid-template-columns:20% auto\"><figure class=\"wp-block-media-text__media\"><img loading=\"lazy\" width=\"1024\" height=\"634\" src=\"http:\/\/monatravelsusa.com\/wp-content\/uploads\/2022\/06\/doctor-5808573_1280-1024x634.png\" alt=\"\" class=\"wp-image-275 size-full\" srcset=\"https:\/\/sognoamericano.org\/wp-content\/uploads\/2022\/06\/doctor-5808573_1280-1024x634.png 1024w, https:\/\/sognoamericano.org\/wp-content\/uploads\/2022\/06\/doctor-5808573_1280-300x186.png 300w, https:\/\/sognoamericano.org\/wp-content\/uploads\/2022\/06\/doctor-5808573_1280-768x476.png 768w, https:\/\/sognoamericano.org\/wp-content\/uploads\/2022\/06\/doctor-5808573_1280.png 1280w\" sizes=\"(max-width: 1024px) 100vw, 1024px\" \/><\/figure><div class=\"wp-block-media-text__content\">\n<p style=\"font-size:18px\">Il Sistema Sanitario nazionale italiano non copre le cure mediche fuori Europa. <\/p>\n\n\n\n<p style=\"font-size:18px\">Il Sistema Sanitario USA \u00e9 privato, la pi\u00fa semplice inconvenienza medica pu\u00f3 venire a costarvi caro, ed \u00e9 quindi sempre fortemente consigliabile stipulare una polizza assicurativa prima di partire.<\/p>\n<\/div><\/div>\n\n\n\n<div style=\"height:30px\" aria-hidden=\"true\" class=\"wp-block-spacer\"><\/div>\n\n<\/div><\/div><\/div>\n<\/div>\n\n\n<p><strong>DOVE COMPRARE L\u2019ASSICURAZIONE VIAGGIO?<\/strong><\/p>\n\n\n\n<ul><li>Online sul sito di un agenzia assicurativa<\/li><li>Di persona da un assicuratore<\/li><li>In agenzia viaggi<\/li><\/ul>\n\n\n\n<p><strong>COME SCEGLIERE L\u2019ASSICURAZIONE DI VIAGGIO (Punti chiave per una polizza perfetta!)<\/strong><\/p>\n\n\n\n<ul><li>PAGAMENTO DIRETTO DELLE PRESTAZIONI DA PARTE DELLA COMPAGNIA &#8211; in caso di necessit\u00e1, non dovete essere voi ad anticipare il costo delle prestazioni e poi essere rimborsati<\/li><li>SERVIZIO ASSISTENZA AFFIDABILE &#8211; e attivo, in italiano se lo preferite<\/li><li>SOCIET\u00c1 AFFIDABILE &#8211; Alto grado di affidabilit\u00e0 della societ\u00e1<\/li><li>ESCLUSIONI DALLA COPERTURA &#8211; Controllate cosa non \u00e9 coperto, perch\u00e9 \u00e9 l\u00ed che sorgono i problemi<\/li><li>MASSIMALE &#8211; Almeno 1.000.000 di Euro<\/li><li>FRANCHIGIA &#8211; la pi\u00fa bassa possibile, meglio se zero<\/li><\/ul>\n\n\n\n<div style=\"height:40px\" aria-hidden=\"true\" class=\"wp-block-spacer\"><\/div>\n\n\n\n<p><strong>QUANTO COSTA UNA BUONA ASSICURAZIONE VIAGGIO?<\/strong><br>Una buona polizza per una settimana va dai 40 ai 70 euro (non \u00e9 mai consigliabile \u201crisparmiare\u201d<br>sull\u2019assicurazione e ve lo diciamo noi che di norma risparmiamo su tutto!)<\/p>\n\n\n\n<div style=\"height:100px\" aria-hidden=\"true\" class=\"wp-block-spacer\"><\/div>\n\n\n\n<div class=\"wp-block-media-text alignwide is-stacked-on-mobile\" style=\"grid-template-columns:15% auto\"><figure class=\"wp-block-media-text__media\"><img loading=\"lazy\" width=\"1024\" height=\"991\" src=\"http:\/\/monatravelsusa.com\/wp-content\/uploads\/2022\/06\/question-25527_1280-1024x991.png\" alt=\"\" class=\"wp-image-279 size-full\" srcset=\"https:\/\/sognoamericano.org\/wp-content\/uploads\/2022\/06\/question-25527_1280-1024x991.png 1024w, https:\/\/sognoamericano.org\/wp-content\/uploads\/2022\/06\/question-25527_1280-300x290.png 300w, https:\/\/sognoamericano.org\/wp-content\/uploads\/2022\/06\/question-25527_1280-768x743.png 768w, https:\/\/sognoamericano.org\/wp-content\/uploads\/2022\/06\/question-25527_1280.png 1280w\" sizes=\"(max-width: 1024px) 100vw, 1024px\" \/><\/figure><div class=\"wp-block-media-text__content\">\n<p class=\"has-small-font-size\"><strong>!! E\u2019 OBBLIGATORIO FARE L\u2019ASSICURAZIONE VIAGGIO?<\/strong><\/p>\n\n\n\n<p class=\"has-small-font-size\"><em><strong>NO, ma pensate solo che, senza copertura:<\/strong><\/em><br>La prescrizione di una semplice ricetta va dai $70 ai $100<br>Un esame medico si aggira sui $1000<br>Un ricovero presso ospedaliero parte da $2000 al giorno<br>Un&#8217;operazione va dai $14.000 per un appendicectomia ai $200.000 per operazioni pi\u00fa complesse<\/p>\n\n\n\n<p class=\"has-small-font-size\"><br><strong>!! CHE ASSICURAZIONE VIAGGIO OVER 75 SCEGLIERE?<\/strong><\/p>\n\n\n\n<p class=\"has-small-font-size\">Solo la Allianz Globy Rosso copre sopra I 75 anni di eta\u2019 e complicazioni che possono sorgere da patologie pregresse, non fidatevi di nessun altra agenzia che millanti di coprire gli over 75 perche\u2019 solitamente non include le problematiche che potrebbero insorgere da patologie pregresse.<\/p>\n\n\n\n<p class=\"has-small-font-size\"><br><\/p>\n\n\n\n<p class=\"has-small-font-size\"><strong>!! LE ASSICURAZIONI DI VIAGGIO COPRONO IL COVID19?<\/strong><br>SI, Tutte le assicurazioni sanitarie coprono il Covid19<\/p>\n<\/div><\/div>\n","protected":false},"excerpt":{"rendered":"<p>DOVE COMPRARE L\u2019ASSICURAZIONE VIAGGIO? Online sul sito di un agenzia assicurativa Di persona da un assicuratore In agenzia viaggi COME SCEGLIERE L\u2019ASSICURAZIONE DI VIAGGIO (Punti chiave per una polizza perfetta!) PAGAMENTO DIRETTO DELLE PRESTAZIONI DA PARTE DELLA COMPAGNIA &#8211; in caso di necessit\u00e1, non dovete essere voi ad anticipare il costo delle prestazioni e poi [&hellip;]<\/p>\n","protected":false},"author":1,"featured_media":0,"parent":0,"menu_order":0,"comment_status":"closed","ping_status":"closed","template":"","meta":{"om_disable_all_campaigns":false,"_monsterinsights_skip_tracking":false,"_monsterinsights_sitenote_active":false,"_monsterinsights_sitenote_note":"","_monsterinsights_sitenote_category":0},"aioseo_notices":[],"_links":{"self":[{"href":"https:\/\/sognoamericano.org\/index.php\/wp-json\/wp\/v2\/pages\/269"}],"collection":[{"href":"https:\/\/sognoamericano.org\/index.php\/wp-json\/wp\/v2\/pages"}],"about":[{"href":"https:\/\/sognoamericano.org\/index.php\/wp-json\/wp\/v2\/types\/page"}],"author":[{"embeddable":true,"href":"https:\/\/sognoamericano.org\/index.php\/wp-json\/wp\/v2\/users\/1"}],"replies":[{"embeddable":true,"href":"https:\/\/sognoamericano.org\/index.php\/wp-json\/wp\/v2\/comments?post=269"}],"version-history":[{"count":12,"href":"https:\/\/sognoamericano.org\/index.php\/wp-json\/wp\/v2\/pages\/269\/revisions"}],"predecessor-version":[{"id":1700,"href":"https:\/\/sognoamericano.org\/index.php\/wp-json\/wp\/v2\/pages\/269\/revisions\/1700"}],"wp:attachment":[{"href":"https:\/\/sognoamericano.org\/index.php\/wp-json\/wp\/v2\/media?parent=269"}],"curies":[{"name":"wp","href":"https:\/\/api.w.org\/{rel}","templated":true}]}}